{"id":1920,"date":"2025-11-18T08:33:53","date_gmt":"2025-11-18T07:33:53","guid":{"rendered":"https:\/\/lacomplicedesrails.be\/allgemeine-reservierungsbedingungen\/"},"modified":"2025-11-18T10:47:08","modified_gmt":"2025-11-18T09:47:08","slug":"allgemeine-reservierungsbedingungen","status":"publish","type":"page","link":"https:\/\/lacomplicedesrails.be\/de\/allgemeine-reservierungsbedingungen\/","title":{"rendered":"Allgemeine Reservierungsbedingungen"},"content":{"rendered":"\n<p><strong>1. Geltungsbereich<\/strong><br\/>Diese Allgemeinen Gesch\u00e4ftsbedingungen gelten f\u00fcr alle Buchungen, die bei La Complice des Rails get\u00e4tigt werden.<br\/>Mit der Vornahme einer Reservierung best\u00e4tigt der Kunde, diese Allgemeinen Gesch\u00e4ftsbedingungen zur Kenntnis genommen und akzeptiert zu haben. Jede Abweichung bedarf einer schriftlichen Vereinbarung. <\/p>\n\n<p><strong>2. Reservierungen und Modalit\u00e4ten<\/strong><\/p>\n\n<p><strong>a) Reservierung<\/strong><br\/>Reservierungen k\u00f6nnen online \u00fcber unsere Website vorgenommen werden.<\/p>\n\n<p><strong>b) Zahlung und Kaution<\/strong><br\/>Die Reservierung wird erst nach Eingang des gesamten Aufenthaltsbetrags und der Kaution (oder nach vorheriger Absprache) wirksam.<br\/>Eine Anzahlung von <strong>250 \u20ac<\/strong> kann ebenfalls innerhalb von 4 Tagen auf folgendes Konto \u00fcberwiesen werden:<br\/><strong>BE78 3631 8484 7886<\/strong><\/p>\n\n<p>Die Kaution wird innerhalb von 7 Tagen per Bank\u00fcberweisung zur\u00fcckerstattet, gem\u00e4\u00df der unten verf\u00fcgbaren Hausordnung.<\/p>\n\n<p>Das Fr\u00fchst\u00fcck \u00fcber unseren Cateringservice ist eine <strong>Option<\/strong>.<br\/>Die ausgestattete K\u00fcche erm\u00f6glicht es Ihnen, Ihre eigenen Getr\u00e4nke und Speisen mitzubringen.<\/p>\n\n<p><strong>3. Stornierung durch den Kunden (nach Ablauf der Widerrufsfrist)<\/strong><br\/>Jede Stornierung muss <strong>schriftlich<\/strong> erfolgen (E-Mail oder Post).<\/p>\n\n<p>Anfallende Geb\u00fchren:<br\/>\u2013 Mehr als 42 Tage vor Aufenthaltsbeginn: <strong>30 %<\/strong> des Gesamtpreises.<br\/>\u2013 Vom 42. Tag (einschlie\u00dflich) bis zum 28. Tag (ausschlie\u00dflich): <strong>50 %<\/strong> des Gesamtpreises.<br\/>\u2013 Vom 28. Tag (einschlie\u00dflich) bis zum 2. Tag (ausschlie\u00dflich): <strong>85 %<\/strong> des Gesamtpreises.<br\/>\u2013 Ab dem 2. Tag vor Anreise (einschlie\u00dflich): <strong>100 %<\/strong> des Gesamtpreises.<\/p>\n\n<p>F\u00fcr jede Stornierung wird eine <strong>Bearbeitungsgeb\u00fchr von 30 \u20ac<\/strong> erhoben.<\/p>\n\n<p>Wir empfehlen Ihnen dringend, selbst eine Reiser\u00fccktrittsversicherung abzuschlie\u00dfen.<\/p>\n\n<ul class=\"wp-block-list\">\n<li>Der Mieter kann keine R\u00fcckerstattung f\u00fcr \u00dcbernachtungen beanspruchen, selbst im Falle von Streiks, Unruhen, Epidemien oder anderen F\u00e4llen h\u00f6herer Gewalt.<\/li>\n<\/ul>\n\n<p><strong>4. Reservierungs\u00e4nderung<\/strong><\/p>\n\n<p>Der Aufenthalt ist nach Ihrer Buchung nicht mehr \u00e4nderbar.<\/p>\n\n<p><strong>5. Stornierung durch La Complice des Rails.<\/strong><\/p>\n\n<p>Im Falle einer Stornierung durch La Complice des Rails. aus technischen Gr\u00fcnden oder h\u00f6herer Gewalt: <\/p>\n\n<ul class=\"wp-block-list\">\n<li>entweder werden die Anzahlung &amp; Kaution zur\u00fcckerstattet;<\/li>\n\n\n\n<li>oder ein anderer Termin vorgeschlagen, um den Kunden bestm\u00f6glich zufriedenzustellen.<\/li>\n<\/ul>\n\n<p><strong>6. Sonstiges<\/strong><\/p>\n\n<p>Der Kunde ist verpflichtet, den Bereich in dem Zustand zu verlassen, in dem er ihn bei seiner Ankunft vorgefunden hat.<\/p>\n\n<p>Es ist untersagt, zur Verf\u00fcgung gestelltes Material, Gegenst\u00e4nde oder Dekoration mitzunehmen oder zu verschieben.<\/p>\n\n<p>Der Kunde verpflichtet sich, die Check-out-Zeit (11 Uhr) einzuhalten und den Bereich zu diesem Zeitpunkt verlassen zu haben; jede angefangene Stunde wird berechnet.<\/p>\n\n<p>Rauchen ist im Loft untersagt, ein Au\u00dfenbereich ist daf\u00fcr vorgesehen.<\/p>\n\n<p>Sollten bei der Reinigung Glasscherben gefunden werden, wird Ihnen ein Betrag von 125 \u20ac von Ihrer Kaution von 250 \u20ac abgezogen. (Bitte denken Sie an Ihre Sicherheit und die Sicherheit des Reinigungspersonals). <\/p>\n\n<p>La Complice des Rails ist f\u00fcr die <strong>ausschlie\u00dfliche Nutzung durch zwei Personen<\/strong> vorgesehen. Besuche von externen Personen sind untersagt. Kinder, Babys und Haustiere sind nicht gestattet. Eine Parkplatzkamera mit Aufnahmefunktion dient der Einhaltung dieser Regel. Wird dieser Punkt nicht beachtet, sind wir gezwungen, einen sofortigen Ausschluss vorzunehmen, ohne die M\u00f6glichkeit einer vollst\u00e4ndigen oder teilweisen R\u00fcckerstattung oder einer vollst\u00e4ndigen Einbehaltung der Kaution.    <\/p>\n\n<p>Sollten wir bei der Reinigung Tierhaare finden, <strong>behalten wir 100 % Ihrer Kaution ein<\/strong>. Vergessene Gegenst\u00e4nde werden 14 Tage lang aufbewahrt und k\u00f6nnen Ihnen gegen eine Pauschale per Post zugesandt oder nach telefonischer Absprache vor Ort abgeholt werden. <\/p>\n\n<p>Eine Willkommensmappe mit allen Erkl\u00e4rungen befindet sich im Loft.<\/p>\n\n<p>Im Falle der Nichteinhaltung dieser Anweisungen oder jeglicher Besch\u00e4digungen, Diebstahls und der Nichteinhaltung dieser Allgemeinen Gesch\u00e4ftsbedingungen, f\u00fcr die der Kunde verantwortlich sein k\u00f6nnte, behalten wir uns das Recht vor, einen Teil der Kaution einzubehalten, der dem erlittenen Schaden entspricht. Alle Sch\u00e4den, die den Kautionsbetrag \u00fcbersteigen, werden Ihnen in Rechnung gestellt, unabh\u00e4ngig vom Check-out.  <\/p>\n\n<p><strong>7. Gew\u00e4hrleistung und Haftung<\/strong><\/p>\n\n<p>Wir lehnen jede Haftung f\u00fcr Unf\u00e4lle, Verletzungen oder Krankheiten ab, die sich der\/die Kunde(n) bei der Nutzung unserer Ausstattung oder im Bereich des Lofts zuziehen k\u00f6nnten.<\/p>\n\n<p>F\u00fcr weitere Informationen, Verf\u00fcgbarkeiten und Buchungen stehen wir Ihnen unter 0471 567 459 zur Verf\u00fcgung.<\/p>\n\n<p><\/p>\n\n<p><\/p>\n","protected":false},"excerpt":{"rendered":"<p>1. GeltungsbereichDiese Allgemeinen Gesch\u00e4ftsbedingungen gelten f\u00fcr alle Buchungen, die bei La Complice des Rails get\u00e4tigt werden.Mit der Vornahme einer Reservierung best\u00e4tigt der Kunde, diese Allgemeinen Gesch\u00e4ftsbedingungen zur Kenntnis genommen und akzeptiert zu haben. Jede Abweichung bedarf einer schriftlichen Vereinbarung. 2. [&hellip;]<\/p>\n","protected":false},"author":1,"featured_media":0,"parent":0,"menu_order":0,"comment_status":"closed","ping_status":"closed","template":"","meta":{"footnotes":""},"class_list":["post-1920","page","type-page","status-publish","hentry"],"yoast_head":"<!-- This site is optimized with the Yoast SEO plugin v27.1.1 - https:\/\/yoast.com\/product\/yoast-seo-wordpress\/ -->\n<title>Allgemeine Reservierungsbedingungen - La complice des rails<\/title>\n<meta name=\"robots\" content=\"index, follow, max-snippet:-1, max-image-preview:large, max-video-preview:-1\" \/>\n<link rel=\"canonical\" href=\"https:\/\/lacomplicedesrails.be\/de\/allgemeine-reservierungsbedingungen\/\" \/>\n<meta property=\"og:locale\" content=\"de_DE\" \/>\n<meta property=\"og:type\" content=\"article\" \/>\n<meta property=\"og:title\" content=\"Allgemeine Reservierungsbedingungen - La complice des rails\" \/>\n<meta property=\"og:description\" content=\"1. GeltungsbereichDiese Allgemeinen Gesch\u00e4ftsbedingungen gelten f\u00fcr alle Buchungen, die bei La Complice des Rails get\u00e4tigt werden.Mit der Vornahme einer Reservierung best\u00e4tigt der Kunde, diese Allgemeinen Gesch\u00e4ftsbedingungen zur Kenntnis genommen und akzeptiert zu haben. Jede Abweichung bedarf einer schriftlichen Vereinbarung. 2. [&hellip;]\" \/>\n<meta property=\"og:url\" content=\"https:\/\/lacomplicedesrails.be\/de\/allgemeine-reservierungsbedingungen\/\" \/>\n<meta property=\"og:site_name\" content=\"La complice des rails\" \/>\n<meta property=\"article:publisher\" content=\"https:\/\/www.facebook.com\/lacomplicedesrails\" \/>\n<meta property=\"article:modified_time\" content=\"2025-11-18T09:47:08+00:00\" \/>\n<meta name=\"twitter:card\" content=\"summary_large_image\" \/>\n<meta name=\"twitter:label1\" content=\"Gesch\u00e4tzte Lesezeit\" \/>\n\t<meta name=\"twitter:data1\" content=\"3\u00a0Minuten\" \/>\n<script type=\"application\/ld+json\" class=\"yoast-schema-graph\">{\"@context\":\"https:\/\/schema.org\",\"@graph\":[{\"@type\":\"WebPage\",\"@id\":\"https:\/\/lacomplicedesrails.be\/de\/allgemeine-reservierungsbedingungen\/\",\"url\":\"https:\/\/lacomplicedesrails.be\/de\/allgemeine-reservierungsbedingungen\/\",\"name\":\"Allgemeine Reservierungsbedingungen - La complice des rails\",\"isPartOf\":{\"@id\":\"https:\/\/lacomplicedesrails.be\/#website\"},\"datePublished\":\"2025-11-18T07:33:53+00:00\",\"dateModified\":\"2025-11-18T09:47:08+00:00\",\"breadcrumb\":{\"@id\":\"https:\/\/lacomplicedesrails.be\/de\/allgemeine-reservierungsbedingungen\/#breadcrumb\"},\"inLanguage\":\"de\",\"potentialAction\":[{\"@type\":\"ReadAction\",\"target\":[\"https:\/\/lacomplicedesrails.be\/de\/allgemeine-reservierungsbedingungen\/\"]}]},{\"@type\":\"BreadcrumbList\",\"@id\":\"https:\/\/lacomplicedesrails.be\/de\/allgemeine-reservierungsbedingungen\/#breadcrumb\",\"itemListElement\":[{\"@type\":\"ListItem\",\"position\":1,\"name\":\"Accueil\",\"item\":\"https:\/\/lacomplicedesrails.be\/\"},{\"@type\":\"ListItem\",\"position\":2,\"name\":\"Allgemeine Reservierungsbedingungen\"}]},{\"@type\":\"WebSite\",\"@id\":\"https:\/\/lacomplicedesrails.be\/#website\",\"url\":\"https:\/\/lacomplicedesrails.be\/\",\"name\":\"La complice des rails\",\"description\":\"Ancien passage \u00e0 niveau de 1867 restaur\u00e9 en chambres de luxe\",\"publisher\":{\"@id\":\"https:\/\/lacomplicedesrails.be\/#organization\"},\"potentialAction\":[{\"@type\":\"SearchAction\",\"target\":{\"@type\":\"EntryPoint\",\"urlTemplate\":\"https:\/\/lacomplicedesrails.be\/?s={search_term_string}\"},\"query-input\":{\"@type\":\"PropertyValueSpecification\",\"valueRequired\":true,\"valueName\":\"search_term_string\"}}],\"inLanguage\":\"de\"},{\"@type\":\"Organization\",\"@id\":\"https:\/\/lacomplicedesrails.be\/#organization\",\"name\":\"La complice des rails\",\"url\":\"https:\/\/lacomplicedesrails.be\/\",\"logo\":{\"@type\":\"ImageObject\",\"inLanguage\":\"de\",\"@id\":\"https:\/\/lacomplicedesrails.be\/#\/schema\/logo\/image\/\",\"url\":\"https:\/\/lacomplicedesrails.be\/wp-content\/uploads\/2023\/09\/logo_la_complice_des_rails_-02-e1763374168914.png\",\"contentUrl\":\"https:\/\/lacomplicedesrails.be\/wp-content\/uploads\/2023\/09\/logo_la_complice_des_rails_-02-e1763374168914.png\",\"width\":1298,\"height\":530,\"caption\":\"La complice des rails\"},\"image\":{\"@id\":\"https:\/\/lacomplicedesrails.be\/#\/schema\/logo\/image\/\"},\"sameAs\":[\"https:\/\/www.facebook.com\/lacomplicedesrails\",\"https:\/\/www.instagram.com\/la_complice_des_rails\/\"]}]}<\/script>\n<!-- \/ Yoast SEO plugin. -->","yoast_head_json":{"title":"Allgemeine Reservierungsbedingungen - La complice des rails","robots":{"index":"index","follow":"follow","max-snippet":"max-snippet:-1","max-image-preview":"max-image-preview:large","max-video-preview":"max-video-preview:-1"},"canonical":"https:\/\/lacomplicedesrails.be\/de\/allgemeine-reservierungsbedingungen\/","og_locale":"de_DE","og_type":"article","og_title":"Allgemeine Reservierungsbedingungen - La complice des rails","og_description":"1. GeltungsbereichDiese Allgemeinen Gesch\u00e4ftsbedingungen gelten f\u00fcr alle Buchungen, die bei La Complice des Rails get\u00e4tigt werden.Mit der Vornahme einer Reservierung best\u00e4tigt der Kunde, diese Allgemeinen Gesch\u00e4ftsbedingungen zur Kenntnis genommen und akzeptiert zu haben. Jede Abweichung bedarf einer schriftlichen Vereinbarung. 2. [&hellip;]","og_url":"https:\/\/lacomplicedesrails.be\/de\/allgemeine-reservierungsbedingungen\/","og_site_name":"La complice des rails","article_publisher":"https:\/\/www.facebook.com\/lacomplicedesrails","article_modified_time":"2025-11-18T09:47:08+00:00","twitter_card":"summary_large_image","twitter_misc":{"Gesch\u00e4tzte Lesezeit":"3\u00a0Minuten"},"schema":{"@context":"https:\/\/schema.org","@graph":[{"@type":"WebPage","@id":"https:\/\/lacomplicedesrails.be\/de\/allgemeine-reservierungsbedingungen\/","url":"https:\/\/lacomplicedesrails.be\/de\/allgemeine-reservierungsbedingungen\/","name":"Allgemeine Reservierungsbedingungen - La complice des rails","isPartOf":{"@id":"https:\/\/lacomplicedesrails.be\/#website"},"datePublished":"2025-11-18T07:33:53+00:00","dateModified":"2025-11-18T09:47:08+00:00","breadcrumb":{"@id":"https:\/\/lacomplicedesrails.be\/de\/allgemeine-reservierungsbedingungen\/#breadcrumb"},"inLanguage":"de","potentialAction":[{"@type":"ReadAction","target":["https:\/\/lacomplicedesrails.be\/de\/allgemeine-reservierungsbedingungen\/"]}]},{"@type":"BreadcrumbList","@id":"https:\/\/lacomplicedesrails.be\/de\/allgemeine-reservierungsbedingungen\/#breadcrumb","itemListElement":[{"@type":"ListItem","position":1,"name":"Accueil","item":"https:\/\/lacomplicedesrails.be\/"},{"@type":"ListItem","position":2,"name":"Allgemeine Reservierungsbedingungen"}]},{"@type":"WebSite","@id":"https:\/\/lacomplicedesrails.be\/#website","url":"https:\/\/lacomplicedesrails.be\/","name":"La complice des rails","description":"Ancien passage \u00e0 niveau de 1867 restaur\u00e9 en chambres de luxe","publisher":{"@id":"https:\/\/lacomplicedesrails.be\/#organization"},"potentialAction":[{"@type":"SearchAction","target":{"@type":"EntryPoint","urlTemplate":"https:\/\/lacomplicedesrails.be\/?s={search_term_string}"},"query-input":{"@type":"PropertyValueSpecification","valueRequired":true,"valueName":"search_term_string"}}],"inLanguage":"de"},{"@type":"Organization","@id":"https:\/\/lacomplicedesrails.be\/#organization","name":"La complice des rails","url":"https:\/\/lacomplicedesrails.be\/","logo":{"@type":"ImageObject","inLanguage":"de","@id":"https:\/\/lacomplicedesrails.be\/#\/schema\/logo\/image\/","url":"https:\/\/lacomplicedesrails.be\/wp-content\/uploads\/2023\/09\/logo_la_complice_des_rails_-02-e1763374168914.png","contentUrl":"https:\/\/lacomplicedesrails.be\/wp-content\/uploads\/2023\/09\/logo_la_complice_des_rails_-02-e1763374168914.png","width":1298,"height":530,"caption":"La complice des rails"},"image":{"@id":"https:\/\/lacomplicedesrails.be\/#\/schema\/logo\/image\/"},"sameAs":["https:\/\/www.facebook.com\/lacomplicedesrails","https:\/\/www.instagram.com\/la_complice_des_rails\/"]}]}},"_links":{"self":[{"href":"https:\/\/lacomplicedesrails.be\/de\/wp-json\/wp\/v2\/pages\/1920","targetHints":{"allow":["GET"]}}],"collection":[{"href":"https:\/\/lacomplicedesrails.be\/de\/wp-json\/wp\/v2\/pages"}],"about":[{"href":"https:\/\/lacomplicedesrails.be\/de\/wp-json\/wp\/v2\/types\/page"}],"author":[{"embeddable":true,"href":"https:\/\/lacomplicedesrails.be\/de\/wp-json\/wp\/v2\/users\/1"}],"replies":[{"embeddable":true,"href":"https:\/\/lacomplicedesrails.be\/de\/wp-json\/wp\/v2\/comments?post=1920"}],"version-history":[{"count":1,"href":"https:\/\/lacomplicedesrails.be\/de\/wp-json\/wp\/v2\/pages\/1920\/revisions"}],"predecessor-version":[{"id":1933,"href":"https:\/\/lacomplicedesrails.be\/de\/wp-json\/wp\/v2\/pages\/1920\/revisions\/1933"}],"wp:attachment":[{"href":"https:\/\/lacomplicedesrails.be\/de\/wp-json\/wp\/v2\/media?parent=1920"}],"curies":[{"name":"wp","href":"https:\/\/api.w.org\/{rel}","templated":true}]}}